{"id":45,"date":"2023-11-24T11:24:03","date_gmt":"2023-11-24T09:24:03","guid":{"rendered":"https:\/\/eeugen.hak-digital.at\/?page_id=45"},"modified":"2024-03-01T10:38:10","modified_gmt":"2024-03-01T08:38:10","slug":"tipp-der-woche","status":"publish","type":"page","link":"https:\/\/eeugen.hak-digital.at\/?page_id=45","title":{"rendered":"Berufserfahrung"},"content":{"rendered":"\n<p>Ich habe im Jahr 2021 und 2022 jeweils zwei Monate als Kellner bei der Pizzeria Platzhirsch in Murau gearbeitet. Diese Erfahrung war sehr wertvoll, weil ich dadurch gelernt habe in sehr stressigen Situationen einen k\u00fchlen Kopf zu bewahren. <\/p>\n\n\n\n<figure class=\"wp-block-image size-full is-resized\"><img loading=\"lazy\" decoding=\"async\" width=\"300\" height=\"140\" src=\"https:\/\/eeugen.hak-digital.at\/wp-content\/uploads\/2024\/02\/Platzhirsch-Bild.png\" alt=\"\" class=\"wp-image-121\" style=\"width:325px;height:auto\"\/><\/figure>\n\n\n\n<p>Im Jahr 2023 hatte ich ein sehr interessantes Praktikum bei CMS-Reich-Rohrwig, es ist eine der gr\u00f6\u00dften Wirtschaftsrechtskanzleien in Europa. Dort konnte ich viele Eindr\u00fccke im Leben eines Rechtsanwalts und die Stimmung in einer Gro\u00dfkanzlei bekommen.<\/p>\n\n\n\n<figure class=\"wp-block-image size-full is-resized\"><img loading=\"lazy\" decoding=\"async\" width=\"900\" height=\"900\" src=\"https:\/\/eeugen.hak-digital.at\/wp-content\/uploads\/2024\/02\/CMS.jpg\" alt=\"\" class=\"wp-image-122\" style=\"width:265px;height:auto\" srcset=\"https:\/\/eeugen.hak-digital.at\/wp-content\/uploads\/2024\/02\/CMS.jpg 900w, https:\/\/eeugen.hak-digital.at\/wp-content\/uploads\/2024\/02\/CMS-300x300.jpg 300w, https:\/\/eeugen.hak-digital.at\/wp-content\/uploads\/2024\/02\/CMS-150x150.jpg 150w, https:\/\/eeugen.hak-digital.at\/wp-content\/uploads\/2024\/02\/CMS-768x768.jpg 768w\" sizes=\"(max-width: 900px) 100vw, 900px\" \/><\/figure>\n","protected":false},"excerpt":{"rendered":"<p>Ich habe im Jahr 2021 und 2022 jeweils zwei Monate als Kellner bei der Pizzeria Platzhirsch in Murau gearbeitet. Diese Erfahrung war sehr wertvoll, weil ich dadurch gelernt habe in sehr stressigen Situationen einen k\u00fchlen Kopf zu bewahren. Im Jahr 2023 hatte ich ein sehr interessantes Praktikum bei CMS-Reich-Rohrwig, es ist eine der gr\u00f6\u00dften Wirtschaftsrechtskanzleien&#8230;<\/p>\n","protected":false},"author":1,"featured_media":0,"parent":0,"menu_order":0,"comment_status":"closed","ping_status":"closed","template":"","meta":{"saved_in_kubio":true,"ngg_post_thumbnail":0,"_kad_post_transparent":"","_kad_post_title":"","_kad_post_layout":"","_kad_post_sidebar_id":"","_kad_post_content_style":"","_kad_post_vertical_padding":"","_kad_post_feature":"","_kad_post_feature_position":"","_kad_post_header":false,"_kad_post_footer":false,"footnotes":""},"aioseo_notices":[],"kubio_ai_page_context":{"short_desc":"","purpose":"general"},"_links":{"self":[{"href":"https:\/\/eeugen.hak-digital.at\/index.php?rest_route=\/wp\/v2\/pages\/45"}],"collection":[{"href":"https:\/\/eeugen.hak-digital.at\/index.php?rest_route=\/wp\/v2\/pages"}],"about":[{"href":"https:\/\/eeugen.hak-digital.at\/index.php?rest_route=\/wp\/v2\/types\/page"}],"author":[{"embeddable":true,"href":"https:\/\/eeugen.hak-digital.at\/index.php?rest_route=\/wp\/v2\/users\/1"}],"replies":[{"embeddable":true,"href":"https:\/\/eeugen.hak-digital.at\/index.php?rest_route=%2Fwp%2Fv2%2Fcomments&post=45"}],"version-history":[{"count":4,"href":"https:\/\/eeugen.hak-digital.at\/index.php?rest_route=\/wp\/v2\/pages\/45\/revisions"}],"predecessor-version":[{"id":187,"href":"https:\/\/eeugen.hak-digital.at\/index.php?rest_route=\/wp\/v2\/pages\/45\/revisions\/187"}],"wp:attachment":[{"href":"https:\/\/eeugen.hak-digital.at\/index.php?rest_route=%2Fwp%2Fv2%2Fmedia&parent=45"}],"curies":[{"name":"wp","href":"https:\/\/api.w.org\/{rel}","templated":true}]}}