{"id":148,"date":"2024-02-28T23:10:27","date_gmt":"2024-02-28T21:10:27","guid":{"rendered":"https:\/\/eeugen.hak-digital.at\/?page_id=148"},"modified":"2024-02-28T23:26:20","modified_gmt":"2024-02-28T21:26:20","slug":"hobbies","status":"publish","type":"page","link":"https:\/\/eeugen.hak-digital.at\/?page_id=148","title":{"rendered":"Hobbies"},"content":{"rendered":"\n<p>Nach meinen ersten Schritten lernte ich Skifahren. Ich komme urspr\u00fcnglich aus der Steiermark und hatte es nur 10 Minuten zum n\u00e4chsten Skigebiet. Am liebsten fuhr ich im Funpark und \u00fcbte neue Tricks um bei den Wettbewerben abzurei\u00dfen:). <\/p>\n\n\n\n<figure class=\"wp-block-image size-full is-resized\"><img loading=\"lazy\" decoding=\"async\" width=\"640\" height=\"960\" src=\"https:\/\/eeugen.hak-digital.at\/wp-content\/uploads\/2024\/02\/Ski-fahren.jpg\" alt=\"\" class=\"wp-image-149\" style=\"width:272px;height:auto\" srcset=\"https:\/\/eeugen.hak-digital.at\/wp-content\/uploads\/2024\/02\/Ski-fahren.jpg 640w, https:\/\/eeugen.hak-digital.at\/wp-content\/uploads\/2024\/02\/Ski-fahren-200x300.jpg 200w\" sizes=\"(max-width: 640px) 100vw, 640px\" \/><\/figure>\n\n\n\n<p>Skateboarden ist eine meiner weiteren Leidenschaften, ich k\u00f6nnte mir nichts besseres vorstellen als an einem warmen Sommerabend am Skatepark zu sein und einfach zu genie\u00dfen.<\/p>\n\n\n\n<figure class=\"wp-block-image size-large is-resized\"><img loading=\"lazy\" decoding=\"async\" width=\"1024\" height=\"772\" src=\"https:\/\/eeugen.hak-digital.at\/wp-content\/uploads\/2024\/02\/SKaten-1-1024x772.jpg\" alt=\"\" class=\"wp-image-154\" style=\"width:382px;height:auto\" srcset=\"https:\/\/eeugen.hak-digital.at\/wp-content\/uploads\/2024\/02\/SKaten-1-1024x772.jpg 1024w, https:\/\/eeugen.hak-digital.at\/wp-content\/uploads\/2024\/02\/SKaten-1-300x226.jpg 300w, https:\/\/eeugen.hak-digital.at\/wp-content\/uploads\/2024\/02\/SKaten-1-768x579.jpg 768w, https:\/\/eeugen.hak-digital.at\/wp-content\/uploads\/2024\/02\/SKaten-1.jpg 1098w\" sizes=\"(max-width: 1024px) 100vw, 1024px\" \/><\/figure>\n\n\n\n<p>Ich liebe es mich t\u00e4glich im Fitnessstudio an meine Grenzen zu bringen. <\/p>\n\n\n\n<figure class=\"wp-block-image size-large is-resized\"><img loading=\"lazy\" decoding=\"async\" width=\"833\" height=\"1024\" src=\"https:\/\/eeugen.hak-digital.at\/wp-content\/uploads\/2024\/02\/20240228_211749000_iOS-833x1024.jpg\" alt=\"\" class=\"wp-image-155\" style=\"width:374px;height:auto\" srcset=\"https:\/\/eeugen.hak-digital.at\/wp-content\/uploads\/2024\/02\/20240228_211749000_iOS-833x1024.jpg 833w, https:\/\/eeugen.hak-digital.at\/wp-content\/uploads\/2024\/02\/20240228_211749000_iOS-244x300.jpg 244w, https:\/\/eeugen.hak-digital.at\/wp-content\/uploads\/2024\/02\/20240228_211749000_iOS-768x944.jpg 768w, https:\/\/eeugen.hak-digital.at\/wp-content\/uploads\/2024\/02\/20240228_211749000_iOS-879x1080.jpg 879w, https:\/\/eeugen.hak-digital.at\/wp-content\/uploads\/2024\/02\/20240228_211749000_iOS.jpg 1170w\" sizes=\"(max-width: 833px) 100vw, 833px\" \/><\/figure>\n","protected":false},"excerpt":{"rendered":"<p>Nach meinen ersten Schritten lernte ich Skifahren. Ich komme urspr\u00fcnglich aus der Steiermark und hatte es nur 10 Minuten zum n\u00e4chsten Skigebiet. Am liebsten fuhr ich im Funpark und \u00fcbte neue Tricks um bei den Wettbewerben abzurei\u00dfen:). Skateboarden ist eine meiner weiteren Leidenschaften, ich k\u00f6nnte mir nichts besseres vorstellen als an einem warmen Sommerabend am&#8230;<\/p>\n","protected":false},"author":1,"featured_media":0,"parent":0,"menu_order":0,"comment_status":"closed","ping_status":"closed","template":"","meta":{"saved_in_kubio":false,"ngg_post_thumbnail":0,"_kad_post_transparent":"","_kad_post_title":"","_kad_post_layout":"","_kad_post_sidebar_id":"","_kad_post_content_style":"","_kad_post_vertical_padding":"","_kad_post_feature":"","_kad_post_feature_position":"","_kad_post_header":false,"_kad_post_footer":false,"footnotes":""},"aioseo_notices":[],"kubio_ai_page_context":{"short_desc":"","purpose":"general"},"_links":{"self":[{"href":"https:\/\/eeugen.hak-digital.at\/index.php?rest_route=\/wp\/v2\/pages\/148"}],"collection":[{"href":"https:\/\/eeugen.hak-digital.at\/index.php?rest_route=\/wp\/v2\/pages"}],"about":[{"href":"https:\/\/eeugen.hak-digital.at\/index.php?rest_route=\/wp\/v2\/types\/page"}],"author":[{"embeddable":true,"href":"https:\/\/eeugen.hak-digital.at\/index.php?rest_route=\/wp\/v2\/users\/1"}],"replies":[{"embeddable":true,"href":"https:\/\/eeugen.hak-digital.at\/index.php?rest_route=%2Fwp%2Fv2%2Fcomments&post=148"}],"version-history":[{"count":3,"href":"https:\/\/eeugen.hak-digital.at\/index.php?rest_route=\/wp\/v2\/pages\/148\/revisions"}],"predecessor-version":[{"id":156,"href":"https:\/\/eeugen.hak-digital.at\/index.php?rest_route=\/wp\/v2\/pages\/148\/revisions\/156"}],"wp:attachment":[{"href":"https:\/\/eeugen.hak-digital.at\/index.php?rest_route=%2Fwp%2Fv2%2Fmedia&parent=148"}],"curies":[{"name":"wp","href":"https:\/\/api.w.org\/{rel}","templated":true}]}}